{"id":2280,"date":"2026-04-07T08:09:53","date_gmt":"2026-04-07T08:09:53","guid":{"rendered":"https:\/\/dukefruit.es\/?page_id=2280"},"modified":"2026-04-07T08:11:46","modified_gmt":"2026-04-07T08:11:46","slug":"politicas-de-uso-de-cookies","status":"publish","type":"page","link":"https:\/\/dukefruit.es\/?page_id=2280","title":{"rendered":"Pol\u00edticas de Uso de Cookies"},"content":{"rendered":"\t\t<div data-elementor-type=\"wp-post\" data-elementor-id=\"2280\" class=\"elementor elementor-2280\">\n\t\t\t\t\t\t<section class=\"elementor-section elementor-top-section elementor-element elementor-element-343d028 elementor-section-boxed elementor-section-height-default elementor-section-height-default\" data-id=\"343d028\" data-element_type=\"section\" data-e-type=\"section\" data-settings=\"{&quot;background_background&quot;:&quot;classic&quot;}\">\n\t\t\t\t\t\t\t<div class=\"elementor-background-overlay\"><\/div>\n\t\t\t\t\t\t\t<div class=\"elementor-container elementor-column-gap-default\">\n\t\t\t\t\t<div class=\"elementor-column elementor-col-100 elementor-top-column elementor-element elementor-element-0c8b7a5\" data-id=\"0c8b7a5\" data-element_type=\"column\" data-e-type=\"column\">\n\t\t\t<div class=\"elementor-widget-wrap elementor-element-populated\">\n\t\t\t\t\t\t<div class=\"elementor-element elementor-element-a331218 elementor-widget elementor-widget-heading\" data-id=\"a331218\" data-element_type=\"widget\" data-e-type=\"widget\" data-widget_type=\"heading.default\">\n\t\t\t\t\t<h1 class=\"elementor-heading-title elementor-size-default\">Pol\u00edticas de uso de Cookies\n<\/h1>\t\t\t\t<\/div>\n\t\t\t\t<div class=\"elementor-element elementor-element-7c986a6 elementor-widget elementor-widget-text-editor\" data-id=\"7c986a6\" data-element_type=\"widget\" data-e-type=\"widget\" data-widget_type=\"text-editor.default\">\n\t\t\t\t\t\t\t\t\t<div class=\"elementor-element elementor-element-1fcd2d2 e-flex e-con-boxed e-con e-parent e-lazyloaded\" data-id=\"1fcd2d2\" data-element_type=\"container\" data-e-type=\"container\" data-settings=\"{&quot;background_background&quot;:&quot;classic&quot;}\"><div class=\"e-con-inner\"><div class=\"elementor-element elementor-element-c1030a8 elementor-widget elementor-widget-uael-infobox\" data-id=\"c1030a8\" data-element_type=\"widget\" data-e-type=\"widget\" data-widget_type=\"uael-infobox.default\"><div class=\"elementor-widget-container\"><div class=\"uael-module-content uael-infobox uael-imgicon-style-normal infobox-has-icon uael-infobox-icon-above-title uael-infobox-link-type-none\"><div class=\"uael-infobox-left-right-wrap\"><div class=\"uael-infobox-content\"><div class=\"uael-infobox-text-wrap\"><div class=\"uael-infobox-text elementor-inline-editing\" data-elementor-setting-key=\"infobox_description\" data-elementor-inline-editing-toolbar=\"advanced\">Protegiendo tu informaci\u00f3n<\/div><\/div><\/div><\/div><\/div><\/div><\/div><\/div><\/div><div class=\"elementor-element elementor-element-d958e23 e-flex e-con-boxed e-con e-parent e-lazyloaded\" data-id=\"d958e23\" data-element_type=\"container\" data-e-type=\"container\"><div class=\"e-con-inner\"><div class=\"elementor-element elementor-element-53a04f0 elementor-widget elementor-widget-heading\" data-id=\"53a04f0\" data-element_type=\"widget\" data-e-type=\"widget\" data-widget_type=\"heading.default\">\u00a0<\/div><\/div><\/div><p data-start=\"263\" data-end=\"463\">\u00a0<\/p>\t\t\t\t\t\t\t\t<\/div>\n\t\t\t\t\t<\/div>\n\t\t<\/div>\n\t\t\t\t\t<\/div>\n\t\t<\/section>\n\t\t<div class=\"elementor-element elementor-element-341ebc6 e-flex e-con-boxed e-con e-parent\" data-id=\"341ebc6\" data-element_type=\"container\" data-e-type=\"container\">\n\t\t\t\t\t<div class=\"e-con-inner\">\n\t\t\t\t<div class=\"elementor-element elementor-element-60f3633 elementor-widget elementor-widget-heading\" data-id=\"60f3633\" data-element_type=\"widget\" data-e-type=\"widget\" data-widget_type=\"heading.default\">\n\t\t\t\t\t<h2 class=\"elementor-heading-title elementor-size-default\">Pol\u00edticas de Uso de Cookies\n<\/h2>\t\t\t\t<\/div>\n\t\t\t\t<div class=\"elementor-element elementor-element-4a2a34a elementor-widget elementor-widget-text-editor\" data-id=\"4a2a34a\" data-element_type=\"widget\" data-e-type=\"widget\" data-widget_type=\"text-editor.default\">\n\t\t\t\t\t\t\t\t\t<p>En cumplimiento con lo dispuesto en el art\u00edculo 22.2 de la Ley 34\/2002, de 11 de julio, de Servicios de la Sociedad de la Informaci\u00f3n y de Comercio Electr\u00f3nico, el Titular te informa que este sitio Web utiliza cookies, as\u00ed como sobre su pol\u00edtica de recogida y el tratamiento que hace de las mismas.<\/p><p>\u00bfQu\u00e9 son las cookies?<\/p><p>Una cookie es un fichero que se descarga en tu ordenador al entrar a determinadas p\u00e1ginas web. Las cookies permiten a una p\u00e1gina web, entre otras cosas, almacenar y recuperar informaci\u00f3n sobre tus h\u00e1bitos de navegaci\u00f3n y \u2014dependiendo de la informaci\u00f3n que contengan y de la forma en que utilices tu equipo\u2014 pueden utilizarse para identificarte.<\/p><p>Tipos de cookies utilizadas<\/p><p>El sitio Web <strong>DUKEFRUIT S.L.\u00a0<\/strong>utiliza los siguientes tipos de cookies:<\/p><p>Cookies de an\u00e1lisis:\u00a0Son aquellas que, bien tratadas por el sitio Web o por terceros, permiten cuantificar el n\u00famero de usuarios y as\u00ed realizar la medici\u00f3n y an\u00e1lisis estad\u00edstico de la utilizaci\u00f3n que hacen los usuarios del sitio Web. Para ello se analiza la navegaci\u00f3n que realizas en este sitio Web con el fin de mejorarlo.<\/p><p>Cookies t\u00e9cnicas:\u00a0Son aquellas tratadas por el sitio Web que permiten a los usuarios registrados navegar a trav\u00e9s del \u00e1rea restringida y a utilizar sus diferentes funciones, como por ejemplo, llevar a cabo el proceso de compra de un Producto o Servicio.<br \/>Algunas cookies son esenciales para el funcionamiento del sitio Web, por ejemplo, el sistema de comentarios o el buscador.<\/p><p>Cookies de personalizaci\u00f3n:\u00a0Son aquellas que permiten a los usuarios acceder al Servicio con algunas caracter\u00edsticas de car\u00e1cter general predefinidas en funci\u00f3n de una serie de criterios establecidos por el usuario como, por ejemplo, el idioma o el tipo de navegador a trav\u00e9s del cual se conecta a este sitio Web.<\/p><p>Desactivar las cookies<\/p><p>Puedes aceptar, bloquear o eliminar las cookies instaladas en tu equipo mediante la configuraci\u00f3n de las opciones del navegador.<\/p><p>En los siguientes enlaces encontrar\u00e1s instrucciones para habilitar o deshabilitar las cookies en los navegadores m\u00e1s comunes.<\/p><p>Firefox\u00a0http:\/\/support.mozilla.org\/es\/kb\/habilitar-y-deshabilitar-cookies-que-los-sitios-we<br \/>Safari\u00a0http:\/\/support.apple.com\/kb\/HT1677?viewlocale=es_ES<br \/>Google Chrome\u00a0https:\/\/support.google.com\/chrome\/answer\/95647?hl=es<\/p><p>Cookies de terceros<\/p><p>El sitio Web utiliza los servicios de Google Adsense y de Google Analytics que pueden instalar cookies que sirven para obtener estad\u00edsticas y datos publicitarios.<\/p><p>Advertencia sobre eliminar cookies<\/p><p>Puedes eliminar y bloquear las cookies de este sitio Web, pero parte del sitio no funcionar\u00e1 correctamente o su calidad puede verse afectada.<\/p><p>Contacto<\/p><p>En caso de que tengas cualquier duda acerca de esta Pol\u00edtica de Cookies o quieras realizar cualquier comentario sobre este sitio Web, puedes enviar un mensaje de correo electr\u00f3nico a la direcci\u00f3n <strong>agroalfarosl@gmail.com<\/strong><\/p>\t\t\t\t\t\t\t\t<\/div>\n\t\t\t\t\t<\/div>\n\t\t\t\t<\/div>\n\t\t\t\t<\/div>\n\t\t","protected":false},"excerpt":{"rendered":"<p>Pol\u00edticas de uso de Cookies Protegiendo tu informaci\u00f3n\u00a0 \u00a0 Pol\u00edticas de Uso de Cookies En cumplimiento con lo dispuesto en el art\u00edculo 22.2 de la Ley 34\/2002, de 11 de julio, de Servicios de la Sociedad de la Informaci\u00f3n y de Comercio Electr\u00f3nico, el Titular te informa que este sitio Web utiliza cookies, as\u00ed como [&hellip;]<\/p>\n","protected":false},"author":1,"featured_media":0,"parent":0,"menu_order":0,"comment_status":"closed","ping_status":"closed","template":"","meta":{"site-sidebar-layout":"default","site-content-layout":"page-builder","ast-site-content-layout":"default","site-content-style":"default","site-sidebar-style":"default","ast-global-header-display":"","ast-banner-title-visibility":"","ast-main-header-display":"","ast-hfb-above-header-display":"","ast-hfb-below-header-display":"","ast-hfb-mobile-header-display":"","site-post-title":"disabled","ast-breadcrumbs-content":"","ast-featured-img":"disabled","footer-sml-layout":"","ast-disable-related-posts":"","theme-transparent-header-meta":"enabled","adv-header-id-meta":"","stick-header-meta":"default","header-above-stick-meta":"","header-main-stick-meta":"","header-below-stick-meta":"","astra-migrate-meta-layouts":"default","ast-page-background-enabled":"default","ast-page-background-meta":{"desktop":{"background-color":"","background-image":"","background-repeat":"repeat","background-position":"center center","background-size":"auto","background-attachment":"scroll","background-type":"","background-media":"","overlay-type":"","overlay-color":"","overlay-opacity":"","overlay-gradient":""},"tablet":{"background-color":"","background-image":"","background-repeat":"repeat","background-position":"center center","background-size":"auto","background-attachment":"scroll","background-type":"","background-media":"","overlay-type":"","overlay-color":"","overlay-opacity":"","overlay-gradient":""},"mobile":{"background-color":"","background-image":"","background-repeat":"repeat","background-position":"center center","background-size":"auto","background-attachment":"scroll","background-type":"","background-media":"","overlay-type":"","overlay-color":"","overlay-opacity":"","overlay-gradient":""}},"ast-content-background-meta":{"desktop":{"background-color":"var(--ast-global-color-5)","background-image":"","background-repeat":"repeat","background-position":"center center","background-size":"auto","background-attachment":"scroll","background-type":"","background-media":"","overlay-type":"","overlay-color":"","overlay-opacity":"","overlay-gradient":""},"tablet":{"background-color":"var(--ast-global-color-5)","background-image":"","background-repeat":"repeat","background-position":"center center","background-size":"auto","background-attachment":"scroll","background-type":"","background-media":"","overlay-type":"","overlay-color":"","overlay-opacity":"","overlay-gradient":""},"mobile":{"background-color":"var(--ast-global-color-5)","background-image":"","background-repeat":"repeat","background-position":"center center","background-size":"auto","background-attachment":"scroll","background-type":"","background-media":"","overlay-type":"","overlay-color":"","overlay-opacity":"","overlay-gradient":""}},"footnotes":""},"class_list":["post-2280","page","type-page","status-publish","hentry"],"yoast_head":"<!-- This site is optimized with the Yoast SEO plugin v27.3 - https:\/\/yoast.com\/product\/yoast-seo-wordpress\/ -->\n<title>Pol\u00edticas de Uso de Cookies - Duke Fruit<\/title>\n<meta name=\"robots\" content=\"index, follow, max-snippet:-1, max-image-preview:large, max-video-preview:-1\" \/>\n<link rel=\"canonical\" href=\"https:\/\/dukefruit.es\/?page_id=2280\" \/>\n<meta property=\"og:locale\" content=\"es_ES\" \/>\n<meta property=\"og:type\" content=\"article\" \/>\n<meta property=\"og:title\" content=\"Pol\u00edticas de Uso de Cookies - Duke Fruit\" \/>\n<meta property=\"og:description\" content=\"Pol\u00edticas de uso de Cookies Protegiendo tu informaci\u00f3n\u00a0 \u00a0 Pol\u00edticas de Uso de Cookies En cumplimiento con lo dispuesto en el art\u00edculo 22.2 de la Ley 34\/2002, de 11 de julio, de Servicios de la Sociedad de la Informaci\u00f3n y de Comercio Electr\u00f3nico, el Titular te informa que este sitio Web utiliza cookies, as\u00ed como [&hellip;]\" \/>\n<meta property=\"og:url\" content=\"https:\/\/dukefruit.es\/?page_id=2280\" \/>\n<meta property=\"og:site_name\" content=\"Duke Fruit\" \/>\n<meta property=\"article:modified_time\" content=\"2026-04-07T08:11:46+00:00\" \/>\n<meta name=\"twitter:card\" content=\"summary_large_image\" \/>\n<meta name=\"twitter:label1\" content=\"Tiempo de lectura\" \/>\n\t<meta name=\"twitter:data1\" content=\"1 minuto\" \/>\n<script type=\"application\/ld+json\" class=\"yoast-schema-graph\">{\"@context\":\"https:\\\/\\\/schema.org\",\"@graph\":[{\"@type\":\"WebPage\",\"@id\":\"https:\\\/\\\/dukefruit.es\\\/?page_id=2280\",\"url\":\"https:\\\/\\\/dukefruit.es\\\/?page_id=2280\",\"name\":\"Pol\u00edticas de Uso de Cookies - Duke Fruit\",\"isPartOf\":{\"@id\":\"https:\\\/\\\/dukefruit.es\\\/#website\"},\"datePublished\":\"2026-04-07T08:09:53+00:00\",\"dateModified\":\"2026-04-07T08:11:46+00:00\",\"breadcrumb\":{\"@id\":\"https:\\\/\\\/dukefruit.es\\\/?page_id=2280#breadcrumb\"},\"inLanguage\":\"es\",\"potentialAction\":[{\"@type\":\"ReadAction\",\"target\":[\"https:\\\/\\\/dukefruit.es\\\/?page_id=2280\"]}]},{\"@type\":\"BreadcrumbList\",\"@id\":\"https:\\\/\\\/dukefruit.es\\\/?page_id=2280#breadcrumb\",\"itemListElement\":[{\"@type\":\"ListItem\",\"position\":1,\"name\":\"Portada\",\"item\":\"https:\\\/\\\/dukefruit.es\\\/\"},{\"@type\":\"ListItem\",\"position\":2,\"name\":\"Pol\u00edticas de Uso de Cookies\"}]},{\"@type\":\"WebSite\",\"@id\":\"https:\\\/\\\/dukefruit.es\\\/#website\",\"url\":\"https:\\\/\\\/dukefruit.es\\\/\",\"name\":\"Duke Fruit\",\"description\":\"\",\"publisher\":{\"@id\":\"https:\\\/\\\/dukefruit.es\\\/#organization\"},\"potentialAction\":[{\"@type\":\"SearchAction\",\"target\":{\"@type\":\"EntryPoint\",\"urlTemplate\":\"https:\\\/\\\/dukefruit.es\\\/?s={search_term_string}\"},\"query-input\":{\"@type\":\"PropertyValueSpecification\",\"valueRequired\":true,\"valueName\":\"search_term_string\"}}],\"inLanguage\":\"es\"},{\"@type\":\"Organization\",\"@id\":\"https:\\\/\\\/dukefruit.es\\\/#organization\",\"name\":\"Duke Fruit\",\"url\":\"https:\\\/\\\/dukefruit.es\\\/\",\"logo\":{\"@type\":\"ImageObject\",\"inLanguage\":\"es\",\"@id\":\"https:\\\/\\\/dukefruit.es\\\/#\\\/schema\\\/logo\\\/image\\\/\",\"url\":\"https:\\\/\\\/dukefruit.es\\\/wp-content\\\/uploads\\\/2019\\\/05\\\/urban-green-logo.svg\",\"contentUrl\":\"https:\\\/\\\/dukefruit.es\\\/wp-content\\\/uploads\\\/2019\\\/05\\\/urban-green-logo.svg\",\"width\":103,\"height\":64,\"caption\":\"Duke Fruit\"},\"image\":{\"@id\":\"https:\\\/\\\/dukefruit.es\\\/#\\\/schema\\\/logo\\\/image\\\/\"}}]}<\/script>\n<!-- \/ Yoast SEO plugin. -->","yoast_head_json":{"title":"Pol\u00edticas de Uso de Cookies - Duke Fruit","robots":{"index":"index","follow":"follow","max-snippet":"max-snippet:-1","max-image-preview":"max-image-preview:large","max-video-preview":"max-video-preview:-1"},"canonical":"https:\/\/dukefruit.es\/?page_id=2280","og_locale":"es_ES","og_type":"article","og_title":"Pol\u00edticas de Uso de Cookies - Duke Fruit","og_description":"Pol\u00edticas de uso de Cookies Protegiendo tu informaci\u00f3n\u00a0 \u00a0 Pol\u00edticas de Uso de Cookies En cumplimiento con lo dispuesto en el art\u00edculo 22.2 de la Ley 34\/2002, de 11 de julio, de Servicios de la Sociedad de la Informaci\u00f3n y de Comercio Electr\u00f3nico, el Titular te informa que este sitio Web utiliza cookies, as\u00ed como [&hellip;]","og_url":"https:\/\/dukefruit.es\/?page_id=2280","og_site_name":"Duke Fruit","article_modified_time":"2026-04-07T08:11:46+00:00","twitter_card":"summary_large_image","twitter_misc":{"Tiempo de lectura":"1 minuto"},"schema":{"@context":"https:\/\/schema.org","@graph":[{"@type":"WebPage","@id":"https:\/\/dukefruit.es\/?page_id=2280","url":"https:\/\/dukefruit.es\/?page_id=2280","name":"Pol\u00edticas de Uso de Cookies - Duke Fruit","isPartOf":{"@id":"https:\/\/dukefruit.es\/#website"},"datePublished":"2026-04-07T08:09:53+00:00","dateModified":"2026-04-07T08:11:46+00:00","breadcrumb":{"@id":"https:\/\/dukefruit.es\/?page_id=2280#breadcrumb"},"inLanguage":"es","potentialAction":[{"@type":"ReadAction","target":["https:\/\/dukefruit.es\/?page_id=2280"]}]},{"@type":"BreadcrumbList","@id":"https:\/\/dukefruit.es\/?page_id=2280#breadcrumb","itemListElement":[{"@type":"ListItem","position":1,"name":"Portada","item":"https:\/\/dukefruit.es\/"},{"@type":"ListItem","position":2,"name":"Pol\u00edticas de Uso de Cookies"}]},{"@type":"WebSite","@id":"https:\/\/dukefruit.es\/#website","url":"https:\/\/dukefruit.es\/","name":"Duke Fruit","description":"","publisher":{"@id":"https:\/\/dukefruit.es\/#organization"},"potentialAction":[{"@type":"SearchAction","target":{"@type":"EntryPoint","urlTemplate":"https:\/\/dukefruit.es\/?s={search_term_string}"},"query-input":{"@type":"PropertyValueSpecification","valueRequired":true,"valueName":"search_term_string"}}],"inLanguage":"es"},{"@type":"Organization","@id":"https:\/\/dukefruit.es\/#organization","name":"Duke Fruit","url":"https:\/\/dukefruit.es\/","logo":{"@type":"ImageObject","inLanguage":"es","@id":"https:\/\/dukefruit.es\/#\/schema\/logo\/image\/","url":"https:\/\/dukefruit.es\/wp-content\/uploads\/2019\/05\/urban-green-logo.svg","contentUrl":"https:\/\/dukefruit.es\/wp-content\/uploads\/2019\/05\/urban-green-logo.svg","width":103,"height":64,"caption":"Duke Fruit"},"image":{"@id":"https:\/\/dukefruit.es\/#\/schema\/logo\/image\/"}}]}},"_links":{"self":[{"href":"https:\/\/dukefruit.es\/index.php?rest_route=\/wp\/v2\/pages\/2280","targetHints":{"allow":["GET"]}}],"collection":[{"href":"https:\/\/dukefruit.es\/index.php?rest_route=\/wp\/v2\/pages"}],"about":[{"href":"https:\/\/dukefruit.es\/index.php?rest_route=\/wp\/v2\/types\/page"}],"author":[{"embeddable":true,"href":"https:\/\/dukefruit.es\/index.php?rest_route=\/wp\/v2\/users\/1"}],"replies":[{"embeddable":true,"href":"https:\/\/dukefruit.es\/index.php?rest_route=%2Fwp%2Fv2%2Fcomments&post=2280"}],"version-history":[{"count":4,"href":"https:\/\/dukefruit.es\/index.php?rest_route=\/wp\/v2\/pages\/2280\/revisions"}],"predecessor-version":[{"id":2284,"href":"https:\/\/dukefruit.es\/index.php?rest_route=\/wp\/v2\/pages\/2280\/revisions\/2284"}],"wp:attachment":[{"href":"https:\/\/dukefruit.es\/index.php?rest_route=%2Fwp%2Fv2%2Fmedia&parent=2280"}],"curies":[{"name":"wp","href":"https:\/\/api.w.org\/{rel}","templated":true}]}}